{"id":28201,"date":"2025-06-26T14:25:27","date_gmt":"2025-06-26T14:25:27","guid":{"rendered":"https:\/\/thebarf.eu\/?post_type=product&#038;p=28201"},"modified":"2025-09-02T08:26:06","modified_gmt":"2025-09-02T08:26:06","slug":"duck-beef","status":"publish","type":"product","link":"https:\/\/thebarf.eu\/ro\/produs\/duck-beef\/","title":{"rendered":"Ra\u021b\u0103 + Vit\u0103"},"content":{"rendered":"<p>Carnea de vit\u0103 este procurat\u0103 de la cei mai buni furnizori de carne din Croa\u021bia. Carnea este supus\u0103 inspec\u021biei veterinare \u0219i este de o categorie acceptabil\u0103 pentru consumul uman. Este proasp\u0103t procesat\u0103 \u0219i ambalat\u0103 \u00een ambalaje de poliamid\u0103 \u0219i imediat dup\u0103 aceea congelat\u0103 la -18 \u00b0C.<\/p>\n<p>Oasele sunt o surs\u0103 optim\u0103 de minerale pentru c\u00e2ini. Atunci c\u00e2nd osul este o surs\u0103 de minerale, nu exist\u0103 teama unui raport nefavorabil de calciu \u0219i fosfor, deoarece organismul va prelua fiecare mineral \u00een cantitatea de care are nevoie, iar excesul de minerale va r\u0103m\u00e2ne nedigerat \u0219i va fi expulzat din organism. Oasele sunt prezente \u00een dieta c\u00e2inilor, pe l\u00e2ng\u0103 faptul c\u0103 sunt o surs\u0103 de minerale, esen\u021biale pentru a ob\u021bine consisten\u021ba optim\u0103 a scaunului, astfel \u00eenc\u00e2t sacii anali s\u0103 fie goli\u021bi \u00een mod natural.<\/p>\n<p>Cartilajul m\u0103cinat este o surs\u0103 natural\u0103 bogat\u0103 de substan\u021be esen\u021biale pentru s\u0103n\u0103tatea articula\u021biilor (glucozamin\u0103, condroitin\u0103).<\/p>\n<p>Glucozamina este un proteoglican (glucoz\u0103 + aminoacid glutamin\u0103) care se g\u0103se\u0219te \u00een concentra\u021bie mare \u00een \u021besutul conjunctiv. Este necesar\u0103 pentru sinteza moleculelor mai mari care men\u021bin articula\u021biile s\u0103n\u0103toase, adic\u0103 bine lubrifiate \u0219i mobile. Este important \u00een terapia \u0219i prevenirea leziunilor articulare, a osteoartritei \u0219i a altor modific\u0103ri degenerative ale articula\u021biilor.<\/p>\n<p>Condroitina este un carbohidrat complex care se g\u0103se\u0219te \u00een \u021besutul conjunctiv al animalelor \u0219i oamenilor. Asigur\u0103 s\u0103n\u0103tatea cartilajului prin legarea moleculelor de ap\u0103 de ea \u00eens\u0103\u0219i (cre\u00e2nd lichid sinovial care hr\u0103ne\u0219te \u0219i lubrific\u0103 cartilajul articular \u0219i ligamentele), bloc\u00e2nd enzimele care deterioreaz\u0103 cartilajul \u0219i stimul\u00e2nd activitatea condrocitelor (celulele cartilajului) pentru a sintetiza colagen \u0219i proteoglicani.<\/p>\n<p>Ficatul de vit\u0103 este o surs\u0103 bogat\u0103 de vitamina A, acizi gra\u0219i esen\u021biali, acid folic, complex de vitamine B, \u00een special vitamina B12, fier. Este important de subliniat faptul c\u0103 ficatul filtreaz\u0103 toxinele, dar nu le stocheaz\u0103. \u021aesutul muscular con\u021bine \u00een mod regulat cantit\u0103\u021bi mai mari de toxine dec\u00e2t ficatul.<\/p>\n<p>Rumenul bovin (unul dintre pre-stomacul bovinelor; trip\u0103, fileuri) este o surs\u0103 bogat\u0103 de enzime, minerale (calciu \u0219i fosfor), vitamine (colin\u0103) \u0219i acizi gra\u0219i (linoleic \u0219i linolenic), con\u021bine \u0219i Lactobacillus acidophilus &#8211; probiotic. Rumenul este, de asemenea, o surs\u0103 bogat\u0103 de clorofil\u0103, un pigment vegetal verde despre care s-a constatat c\u0103 accelereaz\u0103 procesele de detoxifiere ale organismului, are un efect antimicrobian, \u00eent\u0103re\u0219te sistemul imunitar, afecteaz\u0103 controlul \u0219i distrugerea celulelor maligne \u0219i are capacitatea de a lega metalele grele. Are un efect pozitiv asupra vindec\u0103rii r\u0103nilor, at\u00e2t la suprafa\u021ba pielii, c\u00e2t \u0219i la nivelul membranelor mucoase (s-a constatat un efect pozitiv asupra vindec\u0103rii ulcerelor de pe mucoasa stomacului).<\/p>\n<p>F\u0103r\u0103 cereale \u0219i amidon<\/p>\n<p>F\u0103r\u0103 conservan\u021bi<\/p>\n<p>F\u0103r\u0103 conservan\u021bi, coloran\u021bi artificiali, poten\u021biatori de arom\u0103, pesticide \u0219i al\u021bi aditivi comuni \u00een majoritatea celorlalte alimente pentru c\u00e2ini.<\/p>\n<p>\u00cen medicina chinez\u0103, carnea de ra\u021b\u0103 este considerat\u0103 o carne rece pe care medicii veterinari holistici o recomand\u0103 c\u00e2inilor care au probleme cu procese inflamatorii cronice \u00een organism, cum ar fi alergii, artrit\u0103, precum \u0219i c\u00e2inilor care sufer\u0103 de tumori.<\/p>\n<p>Pentru c\u00e2inii alergici la pui \u0219i vit\u0103, carnea de ra\u021b\u0103 poate fi carnea preferat\u0103.<\/p>\n","protected":false},"excerpt":{"rendered":"<p>Carnea de ra\u021b\u0103 este o surs\u0103 excelent\u0103 de proteine, datorit\u0103 unei propor\u021bii pu\u021bin mai mari de gr\u0103simi, fiind excelent\u0103 pentru c\u00e2inii afla\u021bi \u00een dresaj, care au nevoie de o cantitate mai mare de gr\u0103simi ca surs\u0103 de energie de calitate. \u00cens\u0103 este important de subliniat faptul c\u0103 ra\u021ba are de fapt un con\u021binut sc\u0103zut de gr\u0103simi saturate. Ra\u021ba este o surs\u0103 bogat\u0103 de vitamine B \u0219i potasiu, care este esen\u021bial pentru buna func\u021bionare a enzimelor, func\u021bionarea corect\u0103 a mu\u0219chilor \u0219i a sistemului nervos.<\/p>\n","protected":false},"featured_media":28074,"template":"","meta":{"_et_pb_use_builder":"","_et_pb_old_content":"","_et_gb_content_width":""},"product_brand":[],"product_cat":[50],"product_tag":[],"class_list":{"0":"post-28201","1":"product","2":"type-product","3":"status-publish","4":"has-post-thumbnail","6":"product_cat-products-ro","8":"first","9":"instock","10":"shipping-taxable","11":"product-type-simple"},"_links":{"self":[{"href":"https:\/\/thebarf.eu\/ro\/wp-json\/wp\/v2\/product\/28201","targetHints":{"allow":["GET"]}}],"collection":[{"href":"https:\/\/thebarf.eu\/ro\/wp-json\/wp\/v2\/product"}],"about":[{"href":"https:\/\/thebarf.eu\/ro\/wp-json\/wp\/v2\/types\/product"}],"wp:featuredmedia":[{"embeddable":true,"href":"https:\/\/thebarf.eu\/ro\/wp-json\/wp\/v2\/media\/28074"}],"wp:attachment":[{"href":"https:\/\/thebarf.eu\/ro\/wp-json\/wp\/v2\/media?parent=28201"}],"wp:term":[{"taxonomy":"product_brand","embeddable":true,"href":"https:\/\/thebarf.eu\/ro\/wp-json\/wp\/v2\/product_brand?post=28201"},{"taxonomy":"product_cat","embeddable":true,"href":"https:\/\/thebarf.eu\/ro\/wp-json\/wp\/v2\/product_cat?post=28201"},{"taxonomy":"product_tag","embeddable":true,"href":"https:\/\/thebarf.eu\/ro\/wp-json\/wp\/v2\/product_tag?post=28201"}],"curies":[{"name":"wp","href":"https:\/\/api.w.org\/{rel}","templated":true}]}}