{"id":28205,"date":"2025-06-25T18:53:27","date_gmt":"2025-06-25T18:53:27","guid":{"rendered":"https:\/\/thebarf.eu\/?post_type=product&#038;p=28205"},"modified":"2025-09-02T08:38:02","modified_gmt":"2025-09-02T08:38:02","slug":"duckturkey","status":"publish","type":"product","link":"https:\/\/thebarf.eu\/ro\/produs\/duckturkey\/","title":{"rendered":"Ra\u021b\u0103 + Curcan"},"content":{"rendered":"<p>\u00cen medicina chinez\u0103, carnea de ra\u021b\u0103 este considerat\u0103 o mezelur\u0103 pe care medicii veterinari holistici o recomand\u0103 c\u00e2inilor care au probleme cu procese inflamatorii cronice \u00een organism, cum ar fi alergii, artrit\u0103, precum \u0219i c\u00e2inilor care sufer\u0103 de tumori.<\/p>\n<p>Pentru c\u00e2inii alergici la pui \u0219i vit\u0103, carnea de ra\u021b\u0103 poate fi carnea preferat\u0103.<\/p>\n<p>Carnea de ra\u021b\u0103 este o surs\u0103 excelent\u0103 de proteine, datorit\u0103 unei propor\u021bii pu\u021bin mai mari de gr\u0103simi, fiind excelent\u0103 pentru c\u00e2inii afla\u021bi \u00een dresaj, care au nevoie de o cantitate mai mare de gr\u0103simi ca surs\u0103 de energie de calitate. Este \u00eens\u0103 important de subliniat faptul c\u0103 ra\u021ba are de fapt un con\u021binut sc\u0103zut de gr\u0103simi saturate. Ra\u021ba este o surs\u0103 bogat\u0103 de vitamine B \u0219i potasiu, esen\u021biale pentru buna func\u021bionare a enzimelor, func\u021bionarea corect\u0103 a mu\u0219chilor \u0219i a sistemului nervos.<\/p>\n<p>Curcanul este o carne u\u0219oar\u0103, cu un con\u021binut sc\u0103zut de gr\u0103simi \u0219i bogat\u0103 \u00een proteine \u200b\u200bde \u00eenalt\u0103 calitate, ceea ce o face u\u0219or de digerat. Curcanul are cu siguran\u021b\u0103 un avantaj fa\u021b\u0103 de pui, deoarece este mai pu\u021bin gras \u0219i este o alegere excelent\u0103 pentru c\u00e2inii alergici la pui.<\/p>\n<p>Con\u021bine substan\u021be esen\u021biale precum fier, zinc \u0219i vitamine din complexul B. De asemenea, este o surs\u0103 de seleniu, un oligoelement important pentru buna func\u021bionare a glandei tiroide \u0219i a sistemului imunitar.<\/p>\n<p>Fructe \u0219i legume de sezon (legume cu frunze verzi, morcovi, mere) ca surs\u0103 de vitamine \u0219i minerale, fitonutrien\u021bi care au un rol important \u00een organism prin rolul antioxidant \u0219i fibre crude al c\u0103ror rol este unul mecanic &#8211; acestea stimuleaz\u0103 peristaltismul intestinal \u0219i sus\u021bin cre\u0219terea microflorei bune \u00een intestine (propriet\u0103\u021bi prebiotice).<\/p>\n","protected":false},"excerpt":{"rendered":"<p>F\u0103r\u0103 cereale \u0219i amidon<br \/>\nF\u0103r\u0103 conservan\u021bi<br \/>\nF\u0103r\u0103 coloran\u021bi artificiali, arome, pesticide \u0219i al\u021bi aditivi \u00eent\u00e2lni\u021bi \u00een mod obi\u0219nuit \u00een majoritatea hranei comerciale pentru c\u00e2ini.<\/p>\n","protected":false},"featured_media":28090,"template":"","meta":{"_et_pb_use_builder":"","_et_pb_old_content":"","_et_gb_content_width":""},"product_brand":[],"product_cat":[50],"product_tag":[],"class_list":{"0":"post-28205","1":"product","2":"type-product","3":"status-publish","4":"has-post-thumbnail","6":"product_cat-products-ro","8":"first","9":"instock","10":"shipping-taxable","11":"product-type-simple"},"_links":{"self":[{"href":"https:\/\/thebarf.eu\/ro\/wp-json\/wp\/v2\/product\/28205","targetHints":{"allow":["GET"]}}],"collection":[{"href":"https:\/\/thebarf.eu\/ro\/wp-json\/wp\/v2\/product"}],"about":[{"href":"https:\/\/thebarf.eu\/ro\/wp-json\/wp\/v2\/types\/product"}],"wp:featuredmedia":[{"embeddable":true,"href":"https:\/\/thebarf.eu\/ro\/wp-json\/wp\/v2\/media\/28090"}],"wp:attachment":[{"href":"https:\/\/thebarf.eu\/ro\/wp-json\/wp\/v2\/media?parent=28205"}],"wp:term":[{"taxonomy":"product_brand","embeddable":true,"href":"https:\/\/thebarf.eu\/ro\/wp-json\/wp\/v2\/product_brand?post=28205"},{"taxonomy":"product_cat","embeddable":true,"href":"https:\/\/thebarf.eu\/ro\/wp-json\/wp\/v2\/product_cat?post=28205"},{"taxonomy":"product_tag","embeddable":true,"href":"https:\/\/thebarf.eu\/ro\/wp-json\/wp\/v2\/product_tag?post=28205"}],"curies":[{"name":"wp","href":"https:\/\/api.w.org\/{rel}","templated":true}]}}