{"id":28218,"date":"2025-06-26T14:27:36","date_gmt":"2025-06-26T14:27:36","guid":{"rendered":"https:\/\/thebarf.eu\/product\/rabbit\/"},"modified":"2025-09-02T08:48:38","modified_gmt":"2025-09-02T08:48:38","slug":"rabbit","status":"publish","type":"product","link":"https:\/\/thebarf.eu\/ro\/produs\/rabbit\/","title":{"rendered":"Iepure"},"content":{"rendered":"<p>Iepurele este cunoscut pe scar\u0103 larg\u0103 pentru propriet\u0103\u021bile sale dietetice extraordinare. Carnea alb\u0103 de iepure este bogat\u0103 \u00een proteine \u200b\u200bu\u0219or digerabile \u0219i s\u0103rac\u0103 \u00een gr\u0103simi. De aceea, este recomandat\u0103 \u00een dieta c\u00e2inilor cu un sistem digestiv sensibil, a c\u00e2inilor cu probleme de alergii, precum \u0219i a c\u00e2inilor supraponderali sau a celor care, din alte motive de s\u0103n\u0103tate, trebuie s\u0103 \u00ee\u0219i controleze aportul de gr\u0103simi.<\/p>\n<p>Barf este o mas\u0103 care, pe l\u00e2ng\u0103 carnea de iepure, con\u021bine \u0219i oase \u0219i cartilaj de iepure m\u0103cinate, form\u00e2nd astfel o mas\u0103 complet\u0103, de calitate superioar\u0103, u\u0219or de digerat \u0219i cu mirosuri \u0219i gusturi extrem de tentante.<\/p>\n<p>Fructe \u0219i legume de sezon (legume cu frunze verzi, morcovi, mere) ca surs\u0103 de vitamine \u0219i minerale, fitonutrien\u021bi care au un rol antioxidant important \u00een organism \u0219i fibre crude al c\u0103ror rol este mecanic &#8211; acestea stimuleaz\u0103 peristaltismul intestinal \u0219i sus\u021bin cre\u0219terea microflorei bune \u00een intestine (propriet\u0103\u021bi prebiotice).<\/p>\n","protected":false},"excerpt":{"rendered":"<p>F\u0103r\u0103 cereale \u0219i amidon<br \/>\nF\u0103r\u0103 conservan\u021bi<br \/>\nF\u0103r\u0103 coloran\u021bi artificiali, arome, pesticide \u0219i al\u021bi aditivi \u00eent\u00e2lni\u021bi \u00een mod obi\u0219nuit \u00een majoritatea hranei comerciale pentru c\u00e2ini.<\/p>\n","protected":false},"featured_media":28054,"template":"","meta":{"_et_pb_use_builder":"","_et_pb_old_content":"","_et_gb_content_width":""},"product_brand":[],"product_cat":[50],"product_tag":[],"class_list":{"0":"post-28218","1":"product","2":"type-product","3":"status-publish","4":"has-post-thumbnail","6":"product_cat-products-ro","8":"first","9":"instock","10":"shipping-taxable","11":"product-type-simple"},"_links":{"self":[{"href":"https:\/\/thebarf.eu\/ro\/wp-json\/wp\/v2\/product\/28218","targetHints":{"allow":["GET"]}}],"collection":[{"href":"https:\/\/thebarf.eu\/ro\/wp-json\/wp\/v2\/product"}],"about":[{"href":"https:\/\/thebarf.eu\/ro\/wp-json\/wp\/v2\/types\/product"}],"wp:featuredmedia":[{"embeddable":true,"href":"https:\/\/thebarf.eu\/ro\/wp-json\/wp\/v2\/media\/28054"}],"wp:attachment":[{"href":"https:\/\/thebarf.eu\/ro\/wp-json\/wp\/v2\/media?parent=28218"}],"wp:term":[{"taxonomy":"product_brand","embeddable":true,"href":"https:\/\/thebarf.eu\/ro\/wp-json\/wp\/v2\/product_brand?post=28218"},{"taxonomy":"product_cat","embeddable":true,"href":"https:\/\/thebarf.eu\/ro\/wp-json\/wp\/v2\/product_cat?post=28218"},{"taxonomy":"product_tag","embeddable":true,"href":"https:\/\/thebarf.eu\/ro\/wp-json\/wp\/v2\/product_tag?post=28218"}],"curies":[{"name":"wp","href":"https:\/\/api.w.org\/{rel}","templated":true}]}}